{"id":56,"date":"2012-08-31T14:38:53","date_gmt":"2012-08-31T05:38:53","guid":{"rendered":"http:\/\/housei-shop.com\/blog\/?page_id=56"},"modified":"2017-06-06T15:53:47","modified_gmt":"2017-06-06T06:53:47","slug":"contact-form","status":"publish","type":"page","link":"http:\/\/housei-shop.com\/blog\/contact-form\/","title":{"rendered":"\u304a\u554f\u3044\u5408\u308f\u305b\u30d5\u30a9\u30fc\u30e0"},"content":{"rendered":"<p>\u7e2b\u88fd\u306b\u95a2\u3059\u308b\u304a\u554f\u3044\u5408\u308f\u305b\u30fb\u3054\u8cea\u554f\u7b49\u306f\u3001\u3053\u3061\u3089\u306e\u30d5\u30a9\u30fc\u30e0\u304b\u3089\u304a\u6c17\u8efd\u306b\u304a\u554f\u3044\u5408\u308f\u305b\u304f\u3060\u3055\u3044\u3002<br \/>\n\u8ffd\u3063\u3066\u62c5\u5f53\u8005\u3088\u308a\u89aa\u8eab\u306b\u3054\u5bfe\u5fdc\u3055\u305b\u3066\u9802\u304d\u307e\u3059\u3002\uff08<a title=\"\u30d7\u30e9\u30a4\u30d0\u30b7\u30fc\u30dd\u30ea\u30b7\u30fc\u3000\u500b\u4eba\u60c5\u5831\u4fdd\u8b77\u306b\u3064\u3044\u3066\" href=\"http:\/\/www.housei-shop.com\/company\/privacy.html\" target=\"_blank\">\u500b\u4eba\u60c5\u5831\u4fdd\u8b77\u306b\u3064\u3044\u3066<\/a>\uff09<\/p>\n<div role=\"form\" class=\"wpcf7\" id=\"wpcf7-f55-o1\" lang=\"en-US\" dir=\"ltr\">\n<div class=\"screen-reader-response\"><p role=\"status\" aria-live=\"polite\" aria-atomic=\"true\"><\/p> <ul><\/ul><\/div>\n<form action=\"\/blog\/wp-json\/wp\/v2\/pages\/56#wpcf7-f55-o1\" method=\"post\" class=\"wpcf7-form init\" enctype=\"multipart\/form-data\" novalidate=\"novalidate\" data-status=\"init\">\n<div style=\"display: none;\">\n<input type=\"hidden\" name=\"_wpcf7\" value=\"55\" \/>\n<input type=\"hidden\" name=\"_wpcf7_version\" value=\"5.4.1\" \/>\n<input type=\"hidden\" name=\"_wpcf7_locale\" value=\"en_US\" \/>\n<input type=\"hidden\" name=\"_wpcf7_unit_tag\" value=\"wpcf7-f55-o1\" \/>\n<input type=\"hidden\" name=\"_wpcf7_container_post\" value=\"0\" \/>\n<input type=\"hidden\" name=\"_wpcf7_posted_data_hash\" value=\"\" \/>\n<\/div>\n<p>\u304a\u540d\u524d <span class=\"required\">(\u5fc5\u9808)<\/span><br \/>\n<span class=\"wpcf7-form-control-wrap your-name\"><input type=\"text\" name=\"your-name\" value=\"\" size=\"40\" class=\"wpcf7-form-control wpcf7-text wpcf7-validates-as-required\" aria-required=\"true\" aria-invalid=\"false\" placeholder=\"\u4f8b\uff1a\u5c71\u7530\u3000\u592a\u90ce\" \/><\/span><\/p>\n<p>\u30d5\u30ea\u30ac\u30ca <span class=\"required\">(\u5fc5\u9808)<\/span><br \/>\n<span class=\"wpcf7-form-control-wrap your-name2\"><input type=\"text\" name=\"your-name2\" value=\"\" size=\"40\" class=\"wpcf7-form-control wpcf7-text wpcf7-validates-as-required\" aria-required=\"true\" aria-invalid=\"false\" placeholder=\"\u4f8b\uff1a\u3084\u307e\u3060\u3000\u305f\u308d\u3046\" \/><\/span><\/p>\n<p>\u793e\u540d\u307e\u305f\u306f\u6240\u5c5e\u540d <span class=\"any\">(\u4efb\u610f)<\/span><br \/>\n<span class=\"wpcf7-form-control-wrap your-affiliation\"><input type=\"text\" name=\"your-affiliation\" value=\"\" size=\"60\" class=\"wpcf7-form-control wpcf7-text\" aria-invalid=\"false\" placeholder=\"\u4f8b\uff1a\u25cb\u25cb\u25cb\u682a\u5f0f\u4f1a\u793e\" \/><\/span><\/p>\n<p>\u30e1\u30fc\u30eb\u30a2\u30c9\u30ec\u30b9 <span class=\"required\">(\u5fc5\u9808)<\/span><br \/>\n<span class=\"wpcf7-form-control-wrap your-email\"><input type=\"email\" name=\"your-email\" value=\"\" size=\"60\" class=\"wpcf7-form-control wpcf7-text wpcf7-email wpcf7-validates-as-required wpcf7-validates-as-email\" aria-required=\"true\" aria-invalid=\"false\" placeholder=\"\u4f8b\uff1a\u00d7\u00d7\u00d7@\u00d7\u00d7\u00d7.com\" \/><\/span><\/p>\n<p>\u96fb\u8a71\u756a\u53f7 <span class=\"required\">(\u5fc5\u9808)<\/span><br \/>\n<span class=\"wpcf7-form-control-wrap your-tel\"><input type=\"tel\" name=\"your-tel\" value=\"\" size=\"40\" class=\"wpcf7-form-control wpcf7-text wpcf7-tel wpcf7-validates-as-required wpcf7-validates-as-tel\" aria-required=\"true\" aria-invalid=\"false\" placeholder=\"\u4f8b\uff1a03-0000-0000\" \/><\/span><\/p>\n<p>FAX\u756a\u53f7 <span class=\"any\">(\u4efb\u610f)<\/span><br \/>\n<span class=\"wpcf7-form-control-wrap your-fax\"><input type=\"text\" name=\"your-fax\" value=\"\" size=\"40\" class=\"wpcf7-form-control wpcf7-text\" aria-invalid=\"false\" placeholder=\"\u4f8b\uff1a03-0000-0000\" \/><\/span><\/p>\n<p>\u3054\u7528\u4ef6 <span class=\"required\">(\u5fc5\u9808)<\/span>&nbsp;<span>\u203b\u8907\u6570\u9078\u629e\u53ef<\/span><br \/>\n<span class=\"wpcf7-form-control-wrap your-about\"><span class=\"wpcf7-form-control wpcf7-checkbox wpcf7-validates-as-required\"><span class=\"wpcf7-list-item first\"><input type=\"checkbox\" name=\"your-about[]\" value=\"\u7e2b\u88fd\u306e\u3054\u4f9d\u983c\u306b\u3064\u3044\u3066\" \/><span class=\"wpcf7-list-item-label\">\u7e2b\u88fd\u306e\u3054\u4f9d\u983c\u306b\u3064\u3044\u3066<\/span><\/span><span class=\"wpcf7-list-item\"><input type=\"checkbox\" name=\"your-about[]\" value=\"\u578b\u7d19\u30fb\u30d1\u30bf\u30fc\u30f3\u306b\u3064\u3044\u3066\" \/><span class=\"wpcf7-list-item-label\">\u578b\u7d19\u30fb\u30d1\u30bf\u30fc\u30f3\u306b\u3064\u3044\u3066<\/span><\/span><span class=\"wpcf7-list-item\"><input type=\"checkbox\" name=\"your-about[]\" value=\"\u751f\u5730\u30fb\u526f\u8cc7\u6750\u306b\u3064\u3044\u3066\" \/><span class=\"wpcf7-list-item-label\">\u751f\u5730\u30fb\u526f\u8cc7\u6750\u306b\u3064\u3044\u3066<\/span><\/span><span class=\"wpcf7-list-item\"><input type=\"checkbox\" name=\"your-about[]\" value=\"\u7d0d\u54c1\u5f8c\u306e\u88fd\u54c1\u306b\u3064\u3044\u3066\" \/><span class=\"wpcf7-list-item-label\">\u7d0d\u54c1\u5f8c\u306e\u88fd\u54c1\u306b\u3064\u3044\u3066<\/span><\/span><span class=\"wpcf7-list-item\"><input type=\"checkbox\" name=\"your-about[]\" value=\"\u4f01\u753b\u30fb\u30c7\u30b6\u30a4\u30f3\u306b\u3064\u3044\u3066\" \/><span class=\"wpcf7-list-item-label\">\u4f01\u753b\u30fb\u30c7\u30b6\u30a4\u30f3\u306b\u3064\u3044\u3066<\/span><\/span><span class=\"wpcf7-list-item\"><input type=\"checkbox\" name=\"your-about[]\" value=\"\u4e8c\u6b21\u52a0\u5de5\u306b\u3064\u3044\u3066\" \/><span class=\"wpcf7-list-item-label\">\u4e8c\u6b21\u52a0\u5de5\u306b\u3064\u3044\u3066<\/span><\/span><span class=\"wpcf7-list-item last\"><input type=\"checkbox\" name=\"your-about[]\" value=\"\u305d\u306e\u4ed6\u306b\u3064\u3044\u3066\" \/><span class=\"wpcf7-list-item-label\">\u305d\u306e\u4ed6\u306b\u3064\u3044\u3066<\/span><\/span><\/span><\/span><\/p>\n<p>\u304a\u554f\u3044\u5408\u308f\u305b\u5185\u5bb9 <span class=\"required\">(\u5fc5\u9808)<\/span><br \/>\n<span class=\"wpcf7-form-control-wrap your-message\"><textarea name=\"your-message\" cols=\"20\" rows=\"10\" class=\"wpcf7-form-control wpcf7-textarea wpcf7-validates-as-required\" aria-required=\"true\" aria-invalid=\"false\" placeholder=\"\u304a\u554f\u3044\u5408\u308f\u305b\u5185\u5bb9\u3092\u66f8\u3051\u308b\u7bc4\u56f2\u3067\u3054\u8a18\u5165\u304f\u3060\u3055\u3044\u3002\"><\/textarea><\/span> <\/p>\n<p>\u6dfb\u4ed8\u30d5\u30a1\u30a4\u30eb <span class=\"any\">(\u4efb\u610f)<\/span><br \/>\n<span>\u203b\u753b\u50cf\u3084\u4ed5\u69d8\u66f8\u306a\u3069\u306f\u3053\u3061\u3089\u306b\u6dfb\u4ed8\u3057\u3066\u304a\u9001\u308a\u304f\u3060\u3055\u3044\u3002<\/span><br \/>\n<span>\u203b10MB\u307e\u3067\u306e\u753b\u50cf(bmp\u3001jpg)\u3001Word\u3001PDF\u3001zip\u30d5\u30a1\u30a4\u30eb\u304c\u6dfb\u4ed8\u3067\u304d\u307e\u3059\u3002<\/span><br \/>\n<span class=\"wpcf7-form-control-wrap file-859\"><input type=\"file\" name=\"file-859\" size=\"40\" class=\"wpcf7-form-control wpcf7-file\" accept=\".bmp,.jpg,.jpeg,.pdf,.doc,.docx,.zip\" aria-invalid=\"false\" \/><\/span><\/p>\n<p><\/p>\n<p style=\" text-align:center\" onclick=\"window.onbeforeunload = null\"><input type=\"submit\" value=\"\u304a\u554f\u3044\u5408\u305b\u9001\u4fe1\" class=\"wpcf7-form-control wpcf7-submit\" \/><\/p>\n<p><script type=\"text\/javascript\">\nwindow.onbeforeunload = function(e) {\ne.returnValue = \"\u5165\u529b\u5185\u5bb9\u304c\u7834\u68c4\u3055\u308c\u307e\u3059\u3002\u3088\u308d\u3057\u3044\u3067\u3059\u304b\uff1f\";\n}\n<\/script><\/p>\n<div class=\"wpcf7-response-output\" aria-hidden=\"true\"><\/div><\/form><\/div>\n<address><strong>\u7e2b\u88fd\u5de5\u5834 \u3082\u306e\u3065\u304f\u308a\u5de5\u623f<\/strong>\uff08\uff33\uff30\uff30\u682a\u5f0f\u4f1a\u793e\u5185\uff09<br \/>\n\u3012923-0832\u3000\u77f3\u5ddd\u770c\u5c0f\u677e\u5e02\u82e5\u6749\u753a1\u4e01\u76ee64\u756a<br \/>\nTEL\uff1a0761-21-5151<br \/>\nFAX\uff1a0761-21-5454<\/address>\n","protected":false},"excerpt":{"rendered":"<p>\u7e2b\u88fd\u306b\u95a2\u3059\u308b\u304a\u554f\u3044\u5408\u308f\u305b\u30fb\u3054\u8cea\u554f\u7b49\u306f\u3001\u3053\u3061\u3089\u306e\u30d5\u30a9\u30fc\u30e0\u304b\u3089\u304a\u6c17\u8efd\u306b\u304a\u554f\u3044\u5408\u308f\u305b\u304f\u3060\u3055\u3044\u3002 \u8ffd\u3063\u3066\u62c5\u5f53\u8005\u3088\u308a\u89aa\u8eab\u306b\u3054\u5bfe\u5fdc\u3055\u305b\u3066\u9802\u304d\u307e\u3059\u3002\uff08\u500b\u4eba\u60c5\u5831\u4fdd\u8b77\u306b\u3064\u3044\u3066\uff09 \u7e2b\u88fd\u5de5\u5834 \u3082\u306e\u3065\u304f\u308a\u5de5\u623f\uff08\uff33\uff30\uff30\u682a\u5f0f\u4f1a\u793e\u5185\uff09 \u3012923-0832\u3000\u77f3\u5ddd\u770c\u5c0f\u677e\u5e02\u82e5\u6749\u753a1\u4e01\u76ee64\u756a TEL\uff1a0761-21-5151 FAX\uff1a0761-21-5454<\/p>\n","protected":false},"author":1,"featured_media":0,"parent":0,"menu_order":0,"comment_status":"open","ping_status":"open","template":"","meta":[],"_links":{"self":[{"href":"http:\/\/housei-shop.com\/blog\/wp-json\/wp\/v2\/pages\/56"}],"collection":[{"href":"http:\/\/housei-shop.com\/blog\/wp-json\/wp\/v2\/pages"}],"about":[{"href":"http:\/\/housei-shop.com\/blog\/wp-json\/wp\/v2\/types\/page"}],"author":[{"embeddable":true,"href":"http:\/\/housei-shop.com\/blog\/wp-json\/wp\/v2\/users\/1"}],"replies":[{"embeddable":true,"href":"http:\/\/housei-shop.com\/blog\/wp-json\/wp\/v2\/comments?post=56"}],"version-history":[{"count":23,"href":"http:\/\/housei-shop.com\/blog\/wp-json\/wp\/v2\/pages\/56\/revisions"}],"predecessor-version":[{"id":1606,"href":"http:\/\/housei-shop.com\/blog\/wp-json\/wp\/v2\/pages\/56\/revisions\/1606"}],"wp:attachment":[{"href":"http:\/\/housei-shop.com\/blog\/wp-json\/wp\/v2\/media?parent=56"}],"curies":[{"name":"wp","href":"https:\/\/api.w.org\/{rel}","templated":true}]}}